{"id":3096,"date":"2015-04-27T16:59:29","date_gmt":"2015-04-27T14:59:29","guid":{"rendered":"https:\/\/ural-zentrale.de\/?post_type=product&#038;p=3096"},"modified":"2022-06-21T10:20:06","modified_gmt":"2022-06-21T10:20:06","slug":"zapfenschlussel-2","status":"publish","type":"product","link":"https:\/\/www.ural-zentrale.de\/en\/product\/zapfenschlussel-2\/","title":{"rendered":"Zapfenschl\u00fcssel"},"content":{"rendered":"<p>Zapfenschl\u00fcssel f\u00fcr Abdeckkappe AchsantriebMade in Germany<\/p>\n","protected":false},"excerpt":{"rendered":"<p>Zapfenschl\u00fcssel<\/p>\n","protected":false},"featured_media":3097,"template":"","meta":[],"product_brand":[],"product_cat":[349],"product_tag":[],"class_list":{"0":"post-3096","1":"product","2":"type-product","3":"status-publish","4":"has-post-thumbnail","6":"product_cat-operating-supplies-tools","8":"first","9":"outofstock","10":"taxable","11":"shipping-taxable","12":"purchasable","13":"product-type-simple"},"_links":{"self":[{"href":"https:\/\/www.ural-zentrale.de\/en\/wp-json\/wp\/v2\/product\/3096","targetHints":{"allow":["GET"]}}],"collection":[{"href":"https:\/\/www.ural-zentrale.de\/en\/wp-json\/wp\/v2\/product"}],"about":[{"href":"https:\/\/www.ural-zentrale.de\/en\/wp-json\/wp\/v2\/types\/product"}],"wp:featuredmedia":[{"embeddable":true,"href":"https:\/\/www.ural-zentrale.de\/en\/wp-json\/wp\/v2\/media\/3097"}],"wp:attachment":[{"href":"https:\/\/www.ural-zentrale.de\/en\/wp-json\/wp\/v2\/media?parent=3096"}],"wp:term":[{"taxonomy":"product_brand","embeddable":true,"href":"https:\/\/www.ural-zentrale.de\/en\/wp-json\/wp\/v2\/product_brand?post=3096"},{"taxonomy":"product_cat","embeddable":true,"href":"https:\/\/www.ural-zentrale.de\/en\/wp-json\/wp\/v2\/product_cat?post=3096"},{"taxonomy":"product_tag","embeddable":true,"href":"https:\/\/www.ural-zentrale.de\/en\/wp-json\/wp\/v2\/product_tag?post=3096"}],"curies":[{"name":"wp","href":"https:\/\/api.w.org\/{rel}","templated":true}]}}