{"id":3140,"date":"2015-04-27T16:59:34","date_gmt":"2015-04-27T14:59:34","guid":{"rendered":"https:\/\/ural-zentrale.de\/?post_type=product&#038;p=3140"},"modified":"2026-04-15T21:50:22","modified_gmt":"2026-04-15T19:50:22","slug":"aubenring-nadellager-2","status":"publish","type":"product","link":"https:\/\/www.ural-zentrale.de\/en\/product\/aubenring-nadellager-2\/","title":{"rendered":"Au\u00dfenring Nadellager"},"content":{"rendered":"<p>Nadellager Au\u00dfenringF\u00fcr Achsantrieb Dnepr Modelle ohne Beiwagenantrieb. Original Qualit\u00e4t &#8211; sehr grobe Verarbeitung &#8211; z.T. keine glatte Lageroberfl\u00e4che. Verbessertes teil siehe : S2071-HQOriginal Ersatzteilenummer: 75005104-B<\/p>\n","protected":false},"excerpt":{"rendered":"<p>Au\u00dfig;enring Nadellager<\/p>\n","protected":false},"featured_media":3141,"template":"","meta":[],"product_brand":[],"product_cat":[291],"product_tag":[],"class_list":{"0":"post-3140","1":"product","2":"type-product","3":"status-publish","4":"has-post-thumbnail","6":"product_cat-axle-drive-without-sidecar-drive","8":"first","9":"instock","10":"taxable","11":"shipping-taxable","12":"purchasable","13":"product-type-simple"},"_links":{"self":[{"href":"https:\/\/www.ural-zentrale.de\/en\/wp-json\/wp\/v2\/product\/3140","targetHints":{"allow":["GET"]}}],"collection":[{"href":"https:\/\/www.ural-zentrale.de\/en\/wp-json\/wp\/v2\/product"}],"about":[{"href":"https:\/\/www.ural-zentrale.de\/en\/wp-json\/wp\/v2\/types\/product"}],"wp:featuredmedia":[{"embeddable":true,"href":"https:\/\/www.ural-zentrale.de\/en\/wp-json\/wp\/v2\/media\/3141"}],"wp:attachment":[{"href":"https:\/\/www.ural-zentrale.de\/en\/wp-json\/wp\/v2\/media?parent=3140"}],"wp:term":[{"taxonomy":"product_brand","embeddable":true,"href":"https:\/\/www.ural-zentrale.de\/en\/wp-json\/wp\/v2\/product_brand?post=3140"},{"taxonomy":"product_cat","embeddable":true,"href":"https:\/\/www.ural-zentrale.de\/en\/wp-json\/wp\/v2\/product_cat?post=3140"},{"taxonomy":"product_tag","embeddable":true,"href":"https:\/\/www.ural-zentrale.de\/en\/wp-json\/wp\/v2\/product_tag?post=3140"}],"curies":[{"name":"wp","href":"https:\/\/api.w.org\/{rel}","templated":true}]}}