{"id":3224,"date":"2015-04-27T16:59:43","date_gmt":"2015-04-27T16:59:43","guid":{"rendered":"https:\/\/ural-zentrale.de\/?post_type=product&#038;p=3224"},"modified":"2025-12-15T01:14:47","modified_gmt":"2025-12-15T00:14:47","slug":"ruckholfeder-fubbremse-2","status":"publish","type":"product","link":"https:\/\/www.ural-zentrale.de\/en\/product\/ruckholfeder-fubbremse-2\/","title":{"rendered":"R\u00fcckholfeder Fu\u00dfbremse"},"content":{"rendered":"<p>R\u00fcckholfeder Fu\u00dfig;bremse Dnepr MT11, MT12, MT16<\/p>\n","protected":false},"excerpt":{"rendered":"<p>R\u00fcckholfeder Fu\u00dfig;bremse<\/p>\n","protected":false},"featured_media":3225,"template":"","meta":[],"product_brand":[],"product_cat":[297],"product_tag":[],"class_list":{"0":"post-3224","1":"product","2":"type-product","3":"status-publish","4":"has-post-thumbnail","6":"product_cat-brakes","8":"first","9":"onbackorder","10":"taxable","11":"shipping-taxable","12":"purchasable","13":"product-type-simple"},"_links":{"self":[{"href":"https:\/\/www.ural-zentrale.de\/en\/wp-json\/wp\/v2\/product\/3224","targetHints":{"allow":["GET"]}}],"collection":[{"href":"https:\/\/www.ural-zentrale.de\/en\/wp-json\/wp\/v2\/product"}],"about":[{"href":"https:\/\/www.ural-zentrale.de\/en\/wp-json\/wp\/v2\/types\/product"}],"wp:featuredmedia":[{"embeddable":true,"href":"https:\/\/www.ural-zentrale.de\/en\/wp-json\/wp\/v2\/media\/3225"}],"wp:attachment":[{"href":"https:\/\/www.ural-zentrale.de\/en\/wp-json\/wp\/v2\/media?parent=3224"}],"wp:term":[{"taxonomy":"product_brand","embeddable":true,"href":"https:\/\/www.ural-zentrale.de\/en\/wp-json\/wp\/v2\/product_brand?post=3224"},{"taxonomy":"product_cat","embeddable":true,"href":"https:\/\/www.ural-zentrale.de\/en\/wp-json\/wp\/v2\/product_cat?post=3224"},{"taxonomy":"product_tag","embeddable":true,"href":"https:\/\/www.ural-zentrale.de\/en\/wp-json\/wp\/v2\/product_tag?post=3224"}],"curies":[{"name":"wp","href":"https:\/\/api.w.org\/{rel}","templated":true}]}}